{"id":8,"date":"2013-01-29T23:26:20","date_gmt":"2013-01-29T21:26:20","guid":{"rendered":"http:\/\/artmeyer-agrar.de\/?page_id=8"},"modified":"2017-03-18T09:35:18","modified_gmt":"2017-03-18T08:35:18","slug":"referenzen","status":"publish","type":"page","link":"https:\/\/www.artmeyer-agrar.de\/?page_id=8","title":{"rendered":"Bodenbearbeitung"},"content":{"rendered":"<p><a href=\"http:\/\/www.artmeyer-agrar.de\/wp-content\/uploads\/Bilder-2013-291.jpg\"><img loading=\"lazy\" decoding=\"async\" class=\"alignnone size-full wp-image-191\" src=\"http:\/\/www.artmeyer-agrar.de\/wp-content\/uploads\/Bilder-2013-291.jpg\" alt=\"Bilder 2013 291\" width=\"640\" height=\"480\" srcset=\"https:\/\/www.artmeyer-agrar.de\/wp-content\/uploads\/Bilder-2013-291.jpg 640w, https:\/\/www.artmeyer-agrar.de\/wp-content\/uploads\/Bilder-2013-291-300x225.jpg 300w\" sizes=\"auto, (max-width: 640px) 100vw, 640px\" \/><\/a><\/p>\n<p>&nbsp;<\/p>\n<p><a href=\"http:\/\/artmeyer-agrar.de\/wp-content\/uploads\/Bodenbearbeitung\/Bilder 2013 267.jpg\"><img loading=\"lazy\" decoding=\"async\" class=\"alignnone size-full wp-image-68\" src=\"http:\/\/artmeyer-agrar.de\/wp-content\/uploads\/Bodenbearbeitung\/Bilder 2013 267.jpg\" alt=\"Bilder 2013 267\" width=\"1280\" height=\"495\" srcset=\"https:\/\/www.artmeyer-agrar.de\/wp-content\/uploads\/Bodenbearbeitung\/Bilder%202013%20267.jpg 1280w, https:\/\/www.artmeyer-agrar.de\/wp-content\/uploads\/Bodenbearbeitung\/Bilder%202013%20267-300x116.jpg 300w, https:\/\/www.artmeyer-agrar.de\/wp-content\/uploads\/Bodenbearbeitung\/Bilder%202013%20267-1024x396.jpg 1024w\" sizes=\"auto, (max-width: 1280px) 100vw, 1280px\" \/><\/a> <a href=\"http:\/\/artmeyer-agrar.de\/wp-content\/uploads\/Bodenbearbeitung\/Bilder 2013 259.jpg\"><img loading=\"lazy\" decoding=\"async\" class=\"alignnone size-full wp-image-66\" src=\"http:\/\/artmeyer-agrar.de\/wp-content\/uploads\/Bodenbearbeitung\/Bilder 2013 259.jpg\" alt=\"Bilder 2013 259\" width=\"1280\" height=\"962\" srcset=\"https:\/\/www.artmeyer-agrar.de\/wp-content\/uploads\/Bodenbearbeitung\/Bilder%202013%20259.jpg 1280w, https:\/\/www.artmeyer-agrar.de\/wp-content\/uploads\/Bodenbearbeitung\/Bilder%202013%20259-300x225.jpg 300w, https:\/\/www.artmeyer-agrar.de\/wp-content\/uploads\/Bodenbearbeitung\/Bilder%202013%20259-1024x769.jpg 1024w\" sizes=\"auto, (max-width: 1280px) 100vw, 1280px\" \/><\/a><\/p>\n<p><strong>Schwergrubber<\/strong><\/p>\n<p>Arbeitsbreite 4,60 mtr mit Kleinkornstreuer f\u00fcr Zwischenfr\u00fcchte<\/p>\n<p><a href=\"http:\/\/artmeyer-agrar.de\/wp-content\/uploads\/Bodenbearbeitung\/Bilder 2013 263.jpg\"><img loading=\"lazy\" decoding=\"async\" class=\"alignnone size-full wp-image-67\" src=\"http:\/\/artmeyer-agrar.de\/wp-content\/uploads\/Bodenbearbeitung\/Bilder 2013 263.jpg\" alt=\"Bilder 2013 263\" width=\"1280\" height=\"962\" srcset=\"https:\/\/www.artmeyer-agrar.de\/wp-content\/uploads\/Bodenbearbeitung\/Bilder%202013%20263.jpg 1280w, https:\/\/www.artmeyer-agrar.de\/wp-content\/uploads\/Bodenbearbeitung\/Bilder%202013%20263-300x225.jpg 300w, https:\/\/www.artmeyer-agrar.de\/wp-content\/uploads\/Bodenbearbeitung\/Bilder%202013%20263-1024x769.jpg 1024w\" sizes=\"auto, (max-width: 1280px) 100vw, 1280px\" \/><\/a><\/p>\n<p><strong>Pfl\u00fcge<\/strong><\/p>\n<p>4 und 5-furchig<\/p>\n<p>&nbsp;<\/p>\n<p><a href=\"http:\/\/artmeyer-agrar.de\/wp-content\/uploads\/Bodenbearbeitung\/Bilder 2012 186.jpg\"><img loading=\"lazy\" decoding=\"async\" class=\"alignnone size-full wp-image-65\" src=\"http:\/\/artmeyer-agrar.de\/wp-content\/uploads\/Bodenbearbeitung\/Bilder 2012 186.jpg\" alt=\"Bilder 2012 186\" width=\"1280\" height=\"1029\" \/><\/a><\/p>\n<p><a href=\"http:\/\/www.artmeyer-agrar.de\/wp-content\/uploads\/460.jpg\"><img loading=\"lazy\" decoding=\"async\" class=\"alignnone size-full wp-image-244\" src=\"http:\/\/www.artmeyer-agrar.de\/wp-content\/uploads\/460.jpg\" alt=\"460\" width=\"1024\" height=\"768\" \/><\/a><\/p>\n<p>&nbsp;<\/p>\n","protected":false},"excerpt":{"rendered":"<p>&nbsp; Schwergrubber Arbeitsbreite 4,60 mtr mit Kleinkornstreuer f\u00fcr Zwischenfr\u00fcchte Pfl\u00fcge 4 und 5-furchig &nbsp; &nbsp;<\/p>\n","protected":false},"author":2,"featured_media":0,"parent":0,"menu_order":3,"comment_status":"closed","ping_status":"closed","template":"onecolumn-page.php","meta":{"footnotes":""},"class_list":["post-8","page","type-page","status-publish","hentry"],"_links":{"self":[{"href":"https:\/\/www.artmeyer-agrar.de\/index.php?rest_route=\/wp\/v2\/pages\/8","targetHints":{"allow":["GET"]}}],"collection":[{"href":"https:\/\/www.artmeyer-agrar.de\/index.php?rest_route=\/wp\/v2\/pages"}],"about":[{"href":"https:\/\/www.artmeyer-agrar.de\/index.php?rest_route=\/wp\/v2\/types\/page"}],"author":[{"embeddable":true,"href":"https:\/\/www.artmeyer-agrar.de\/index.php?rest_route=\/wp\/v2\/users\/2"}],"replies":[{"embeddable":true,"href":"https:\/\/www.artmeyer-agrar.de\/index.php?rest_route=%2Fwp%2Fv2%2Fcomments&post=8"}],"version-history":[{"count":12,"href":"https:\/\/www.artmeyer-agrar.de\/index.php?rest_route=\/wp\/v2\/pages\/8\/revisions"}],"predecessor-version":[{"id":366,"href":"https:\/\/www.artmeyer-agrar.de\/index.php?rest_route=\/wp\/v2\/pages\/8\/revisions\/366"}],"wp:attachment":[{"href":"https:\/\/www.artmeyer-agrar.de\/index.php?rest_route=%2Fwp%2Fv2%2Fmedia&parent=8"}],"curies":[{"name":"wp","href":"https:\/\/api.w.org\/{rel}","templated":true}]}}