{"id":6,"date":"2013-01-29T23:20:17","date_gmt":"2013-01-29T22:20:17","guid":{"rendered":"http:\/\/artmeyer-agrar.de\/?page_id=6"},"modified":"2026-01-12T22:34:53","modified_gmt":"2026-01-12T21:34:53","slug":"dienstleistungen","status":"publish","type":"page","link":"https:\/\/www.artmeyer-agrar.de\/","title":{"rendered":"Willkommen"},"content":{"rendered":"<h2 style=\"text-align: center;\"><strong>Seit 25 Jahren \u00fcbernimmt<\/strong><\/h2>\n<h2 style=\"text-align: center;\"><strong>Artmeyer-Agrar<\/strong><\/h2>\n<h2 style=\"text-align: center;\"><strong>Aufgaben in der Land- und Forstwirtschaft.<\/strong><\/h2>\n<h2 style=\"text-align: center;\"><strong>Unseren Kunden sagen wir hierf\u00fcr herzlichen Dank!<\/strong><\/h2>\n<h2 style=\"text-align: center;\"><strong>Wir \u00fcbernehmen gerne f\u00fcr Sie <\/strong><\/h2>\n<h2 style=\"text-align: center;\"><strong>Baumf\u00e4llung und Rodung<\/strong><\/h2>\n<h2 style=\"text-align: center;\"><strong>sowie Baumstumpfbeseitigung <\/strong><\/h2>\n<h2 style=\"text-align: center;\"><strong>mit Stubbenfr\u00e4se.<\/strong><\/h2>\n<h2 style=\"text-align: center;\"><a href=\"http:\/\/www.artmeyer-agrar.de\/wp-content\/uploads\/IMG-20250302-WA0003.jpg\"><img loading=\"lazy\" decoding=\"async\" class=\"alignnone  wp-image-498\" src=\"http:\/\/www.artmeyer-agrar.de\/wp-content\/uploads\/IMG-20250302-WA0003-225x300.jpg\" alt=\"\" width=\"276\" height=\"368\" srcset=\"https:\/\/www.artmeyer-agrar.de\/wp-content\/uploads\/IMG-20250302-WA0003-225x300.jpg 225w, https:\/\/www.artmeyer-agrar.de\/wp-content\/uploads\/IMG-20250302-WA0003-768x1024.jpg 768w, https:\/\/www.artmeyer-agrar.de\/wp-content\/uploads\/IMG-20250302-WA0003-1152x1536.jpg 1152w, https:\/\/www.artmeyer-agrar.de\/wp-content\/uploads\/IMG-20250302-WA0003.jpg 1200w\" sizes=\"auto, (max-width: 276px) 100vw, 276px\" \/><\/a><\/h2>\n<h2 style=\"text-align: center;\"><strong>Gerne stehen wir f\u00fcr Fragen zur Verf\u00fcgung.<\/strong><\/h2>\n<h2 style=\"text-align: center;\"><strong>Christian Artmeyer <\/strong><\/h2>\n<h2 style=\"text-align: center;\"><strong>Mobil erreichbar unter 0171 6953348<\/strong><\/h2>\n<h2 style=\"text-align: center;\">\u00a0<\/h2>\n<p style=\"text-align: center;\">\u00a0<\/p>\n\n\n<div class=\"wp-block-file\"><a id=\"wp-block-file--media-2a21e1a3-e3b7-45ee-b50a-48af06926dae\" href=\"http:\/\/www.artmeyer-agrar.de\/wp-content\/uploads\/VID-20230811-WA0005.mp4\">VID-20230811-WA0005<\/a><a href=\"http:\/\/www.artmeyer-agrar.de\/wp-content\/uploads\/VID-20230811-WA0005.mp4\" class=\"wp-block-file__button wp-element-button\" download aria-describedby=\"wp-block-file--media-2a21e1a3-e3b7-45ee-b50a-48af06926dae\">Herunterladen<\/a><\/div>\n\n\n\n\n\n\n\n<p><\/p>\n","protected":false},"excerpt":{"rendered":"<p>Seit 25 Jahren \u00fcbernimmt Artmeyer-Agrar Aufgaben in der Land- und Forstwirtschaft. Unseren Kunden sagen wir hierf\u00fcr herzlichen Dank! Wir \u00fcbernehmen gerne f\u00fcr Sie Baumf\u00e4llung und Rodung sowie Baumstumpfbeseitigung mit Stubbenfr\u00e4se. Gerne stehen wir f\u00fcr Fragen zur Verf\u00fcgung. Christian Artmeyer Mobil &hellip; <a href=\"https:\/\/www.artmeyer-agrar.de\/\">Weiterlesen <span class=\"meta-nav\">&rarr;<\/span><\/a><\/p>\n","protected":false},"author":3,"featured_media":0,"parent":0,"menu_order":2,"comment_status":"closed","ping_status":"closed","template":"","meta":{"footnotes":""},"class_list":["post-6","page","type-page","status-publish","hentry"],"_links":{"self":[{"href":"https:\/\/www.artmeyer-agrar.de\/index.php?rest_route=\/wp\/v2\/pages\/6","targetHints":{"allow":["GET"]}}],"collection":[{"href":"https:\/\/www.artmeyer-agrar.de\/index.php?rest_route=\/wp\/v2\/pages"}],"about":[{"href":"https:\/\/www.artmeyer-agrar.de\/index.php?rest_route=\/wp\/v2\/types\/page"}],"author":[{"embeddable":true,"href":"https:\/\/www.artmeyer-agrar.de\/index.php?rest_route=\/wp\/v2\/users\/3"}],"replies":[{"embeddable":true,"href":"https:\/\/www.artmeyer-agrar.de\/index.php?rest_route=%2Fwp%2Fv2%2Fcomments&post=6"}],"version-history":[{"count":62,"href":"https:\/\/www.artmeyer-agrar.de\/index.php?rest_route=\/wp\/v2\/pages\/6\/revisions"}],"predecessor-version":[{"id":510,"href":"https:\/\/www.artmeyer-agrar.de\/index.php?rest_route=\/wp\/v2\/pages\/6\/revisions\/510"}],"wp:attachment":[{"href":"https:\/\/www.artmeyer-agrar.de\/index.php?rest_route=%2Fwp%2Fv2%2Fmedia&parent=6"}],"curies":[{"name":"wp","href":"https:\/\/api.w.org\/{rel}","templated":true}]}}