{"id":4,"date":"2013-01-29T23:25:52","date_gmt":"2013-01-29T21:25:52","guid":{"rendered":"http:\/\/artmeyer-agrar.de\/?page_id=4"},"modified":"2020-04-06T13:54:23","modified_gmt":"2020-04-06T12:54:23","slug":"gruenlandpflege","status":"publish","type":"page","link":"https:\/\/www.artmeyer-agrar.de\/?page_id=4","title":{"rendered":"Gr\u00fcnlandpflege"},"content":{"rendered":"<p><strong>Vredo Schlitzger\u00e4t Arbeitsbreite 5,70 mtr.<\/strong><\/p>\n<p><strong>Neuste Herausforderung: Landwirtschaftliche Betriebe stehen vor der Herausforderung immer mehr mit den vorhandenen Gr\u00fcnfl\u00e4chen zu produzieren. Das Schlitzger\u00e4t von Vredo scheidet durch die V-Form angeordneten Scheiben ein Schlitz in den Boden und legt die Saat optimal zur Keimung in den Boden.\u00a0<\/strong><\/p>\n<p><img loading=\"lazy\" decoding=\"async\" class=\"thumbnail\" src=\"http:\/\/www.artmeyer-agrar.de\/wp-content\/uploads\/Vredo-Schlitzger\u00e4t.jpg\" alt=\"\" width=\"426\" height=\"320\" \/><\/p>\n<p><a href=\"http:\/\/www.artmeyer-agrar.de\/wp-content\/uploads\/IMG-20200324-WA0019.jpg\"><img loading=\"lazy\" decoding=\"async\" class=\"alignnone size-medium wp-image-438\" src=\"http:\/\/www.artmeyer-agrar.de\/wp-content\/uploads\/IMG-20200324-WA0019-300x225.jpg\" alt=\"\" width=\"300\" height=\"225\" srcset=\"https:\/\/www.artmeyer-agrar.de\/wp-content\/uploads\/IMG-20200324-WA0019-300x225.jpg 300w, https:\/\/www.artmeyer-agrar.de\/wp-content\/uploads\/IMG-20200324-WA0019-1024x768.jpg 1024w, https:\/\/www.artmeyer-agrar.de\/wp-content\/uploads\/IMG-20200324-WA0019-768x576.jpg 768w, https:\/\/www.artmeyer-agrar.de\/wp-content\/uploads\/IMG-20200324-WA0019-1536x1152.jpg 1536w, https:\/\/www.artmeyer-agrar.de\/wp-content\/uploads\/IMG-20200324-WA0019.jpg 1600w\" sizes=\"auto, (max-width: 300px) 100vw, 300px\" \/><\/a> <a href=\"http:\/\/www.artmeyer-agrar.de\/wp-content\/uploads\/IMG-20200324-WA0018.jpg\"><img loading=\"lazy\" decoding=\"async\" class=\"alignnone size-medium wp-image-437\" src=\"http:\/\/www.artmeyer-agrar.de\/wp-content\/uploads\/IMG-20200324-WA0018-300x225.jpg\" alt=\"\" width=\"300\" height=\"225\" srcset=\"https:\/\/www.artmeyer-agrar.de\/wp-content\/uploads\/IMG-20200324-WA0018-300x225.jpg 300w, https:\/\/www.artmeyer-agrar.de\/wp-content\/uploads\/IMG-20200324-WA0018-1024x768.jpg 1024w, https:\/\/www.artmeyer-agrar.de\/wp-content\/uploads\/IMG-20200324-WA0018-768x576.jpg 768w, https:\/\/www.artmeyer-agrar.de\/wp-content\/uploads\/IMG-20200324-WA0018-1536x1152.jpg 1536w, https:\/\/www.artmeyer-agrar.de\/wp-content\/uploads\/IMG-20200324-WA0018.jpg 1600w\" sizes=\"auto, (max-width: 300px) 100vw, 300px\" \/><\/a><\/p>\n<p><img loading=\"lazy\" decoding=\"async\" class=\"thumbnail\" src=\"http:\/\/www.artmeyer-agrar.de\/wp-content\/uploads\/Vredo-4-scaled.jpg\" alt=\"\" width=\"429\" height=\"77\" \/><\/p>\n<p><strong>\u00a0G\u00fcttler Greenmaster 640<\/strong><\/p>\n<p><span class=\"guettler-10-normal\"><b>Der erste Striegel der\u00a0die Gemeine Rispe wirklich anpackt!<\/b><\/span><br \/>\n<span class=\"guettler-10-normal\">\u2022\u00a0Zur Gr\u00fcnlandpflege, Sanierung,<br \/>\nNeu-\/ Nachsaat<br \/>\n\u2022\u00a0Zum Striegeln und L\u00fcften<span class=\"guettler-11-bold\">\u00a0<\/span><br \/>\n\u2022\u00a0Saaten einwalzen, Bestockung anregen<br \/>\n\u2022\u00a0F\u00fcr Gr\u00fcnland und Ackerbau<span class=\"guettler-11-bold\">\u00a0<\/span><\/span><\/p>\n<p>Prismenwalze auch im Verleih!<\/p>\n<div style=\"width: 640px;\" class=\"wp-video\"><video class=\"wp-video-shortcode\" id=\"video-4-1\" width=\"640\" height=\"352\" preload=\"metadata\" controls=\"controls\"><source type=\"video\/mp4\" src=\"http:\/\/www.artmeyer-agrar.de\/wp-content\/uploads\/Video-Greenmaster.mp4?_=1\" \/><a href=\"http:\/\/www.artmeyer-agrar.de\/wp-content\/uploads\/Video-Greenmaster.mp4\">http:\/\/www.artmeyer-agrar.de\/wp-content\/uploads\/Video-Greenmaster.mp4<\/a><\/video><\/div>\n<p><a href=\"http:\/\/www.artmeyer-agrar.de\/wp-content\/uploads\/IMG_3457.jpg\"><img loading=\"lazy\" decoding=\"async\" class=\"alignnone size-medium wp-image-368\" src=\"http:\/\/www.artmeyer-agrar.de\/wp-content\/uploads\/IMG_3457-300x200.jpg\" alt=\"\" width=\"300\" height=\"200\" srcset=\"https:\/\/www.artmeyer-agrar.de\/wp-content\/uploads\/IMG_3457-300x200.jpg 300w, https:\/\/www.artmeyer-agrar.de\/wp-content\/uploads\/IMG_3457-768x512.jpg 768w, https:\/\/www.artmeyer-agrar.de\/wp-content\/uploads\/IMG_3457-1024x683.jpg 1024w\" sizes=\"auto, (max-width: 300px) 100vw, 300px\" \/><\/a> <a href=\"http:\/\/www.artmeyer-agrar.de\/wp-content\/uploads\/IMG_3469.jpg\"><img loading=\"lazy\" decoding=\"async\" class=\"alignnone size-medium wp-image-369\" src=\"http:\/\/www.artmeyer-agrar.de\/wp-content\/uploads\/IMG_3469-300x200.jpg\" alt=\"\" width=\"300\" height=\"200\" srcset=\"https:\/\/www.artmeyer-agrar.de\/wp-content\/uploads\/IMG_3469-300x200.jpg 300w, https:\/\/www.artmeyer-agrar.de\/wp-content\/uploads\/IMG_3469-768x512.jpg 768w, https:\/\/www.artmeyer-agrar.de\/wp-content\/uploads\/IMG_3469-1024x683.jpg 1024w\" sizes=\"auto, (max-width: 300px) 100vw, 300px\" \/><\/a> <a href=\"http:\/\/www.artmeyer-agrar.de\/wp-content\/uploads\/IMG_3472.jpg\"><img loading=\"lazy\" decoding=\"async\" class=\"alignnone size-medium wp-image-370\" src=\"http:\/\/www.artmeyer-agrar.de\/wp-content\/uploads\/IMG_3472-300x200.jpg\" alt=\"\" width=\"300\" height=\"200\" srcset=\"https:\/\/www.artmeyer-agrar.de\/wp-content\/uploads\/IMG_3472-300x200.jpg 300w, https:\/\/www.artmeyer-agrar.de\/wp-content\/uploads\/IMG_3472-768x512.jpg 768w, https:\/\/www.artmeyer-agrar.de\/wp-content\/uploads\/IMG_3472-1024x683.jpg 1024w\" sizes=\"auto, (max-width: 300px) 100vw, 300px\" \/><\/a> <a href=\"http:\/\/www.artmeyer-agrar.de\/wp-content\/uploads\/IMG_3476.jpg\"><img loading=\"lazy\" decoding=\"async\" class=\"alignnone size-medium wp-image-371\" src=\"http:\/\/www.artmeyer-agrar.de\/wp-content\/uploads\/IMG_3476-300x200.jpg\" alt=\"\" width=\"300\" height=\"200\" srcset=\"https:\/\/www.artmeyer-agrar.de\/wp-content\/uploads\/IMG_3476-300x200.jpg 300w, https:\/\/www.artmeyer-agrar.de\/wp-content\/uploads\/IMG_3476-768x512.jpg 768w, https:\/\/www.artmeyer-agrar.de\/wp-content\/uploads\/IMG_3476-1024x683.jpg 1024w\" sizes=\"auto, (max-width: 300px) 100vw, 300px\" \/><\/a><\/p>\n<p><strong>\u00a0<\/strong><strong>Mulcharbeiten<\/strong><\/p>\n<p>Mit dem M\u00fcthing Mulcher MUN 25 wird der alte Grasbestand geschlegelt und als D\u00fcnger auf den Untergrund gelegt.<\/p>\n<p><a href=\"http:\/\/artmeyer-agrar.de\/wp-content\/uploads\/Gruenlandpflege\/IMGP0798.JPG\"><img loading=\"lazy\" decoding=\"async\" class=\"alignnone size-medium wp-image-91\" src=\"http:\/\/artmeyer-agrar.de\/wp-content\/uploads\/Gruenlandpflege\/IMGP0798-300x178.jpg\" alt=\"PENTAX Image\" width=\"300\" height=\"178\" srcset=\"https:\/\/www.artmeyer-agrar.de\/wp-content\/uploads\/Gruenlandpflege\/IMGP0798-300x178.jpg 300w, https:\/\/www.artmeyer-agrar.de\/wp-content\/uploads\/Gruenlandpflege\/IMGP0798-1024x608.jpg 1024w, https:\/\/www.artmeyer-agrar.de\/wp-content\/uploads\/Gruenlandpflege\/IMGP0798.JPG 1280w\" sizes=\"auto, (max-width: 300px) 100vw, 300px\" \/><\/a><\/p>\n","protected":false},"excerpt":{"rendered":"<p>Vredo Schlitzger\u00e4t Arbeitsbreite 5,70 mtr. Neuste Herausforderung: Landwirtschaftliche Betriebe stehen vor der Herausforderung immer mehr mit den vorhandenen Gr\u00fcnfl\u00e4chen zu produzieren. Das Schlitzger\u00e4t von Vredo scheidet durch die V-Form angeordneten Scheiben ein Schlitz in den Boden und legt die Saat &hellip; <a href=\"https:\/\/www.artmeyer-agrar.de\/?page_id=4\">Weiterlesen <span class=\"meta-nav\">&rarr;<\/span><\/a><\/p>\n","protected":false},"author":2,"featured_media":0,"parent":0,"menu_order":2,"comment_status":"closed","ping_status":"closed","template":"onecolumn-page.php","meta":{"footnotes":""},"class_list":["post-4","page","type-page","status-publish","hentry"],"_links":{"self":[{"href":"https:\/\/www.artmeyer-agrar.de\/index.php?rest_route=\/wp\/v2\/pages\/4","targetHints":{"allow":["GET"]}}],"collection":[{"href":"https:\/\/www.artmeyer-agrar.de\/index.php?rest_route=\/wp\/v2\/pages"}],"about":[{"href":"https:\/\/www.artmeyer-agrar.de\/index.php?rest_route=\/wp\/v2\/types\/page"}],"author":[{"embeddable":true,"href":"https:\/\/www.artmeyer-agrar.de\/index.php?rest_route=\/wp\/v2\/users\/2"}],"replies":[{"embeddable":true,"href":"https:\/\/www.artmeyer-agrar.de\/index.php?rest_route=%2Fwp%2Fv2%2Fcomments&post=4"}],"version-history":[{"count":31,"href":"https:\/\/www.artmeyer-agrar.de\/index.php?rest_route=\/wp\/v2\/pages\/4\/revisions"}],"predecessor-version":[{"id":439,"href":"https:\/\/www.artmeyer-agrar.de\/index.php?rest_route=\/wp\/v2\/pages\/4\/revisions\/439"}],"wp:attachment":[{"href":"https:\/\/www.artmeyer-agrar.de\/index.php?rest_route=%2Fwp%2Fv2%2Fmedia&parent=4"}],"curies":[{"name":"wp","href":"https:\/\/api.w.org\/{rel}","templated":true}]}}